{"id":198,"date":"2025-04-05T21:13:23","date_gmt":"2025-04-05T21:13:23","guid":{"rendered":"https:\/\/tishonator.com\/demo1\/?post_type=product&#038;p=198"},"modified":"2025-12-21T09:35:58","modified_gmt":"2025-12-21T09:35:58","slug":"apres-t-shirt","status":"publish","type":"product","link":"https:\/\/2025.sc-bauschheim.de\/?product=apres-t-shirt","title":{"rendered":"Apr\u00e8s T-Shirt"},"content":{"rendered":"<p>Neues Apr\u00e8s T-Shirt is designed for those who value simplicity without sacrificing results.<\/p>\n<p>verf\u00fcgbare Gr\u00f6\u00dfen: Damen S &#8211; 2XL und Herren S &#8211; 3XL<\/p>\n<p>12 Euro f\u00fcr Mitglieder, 15 Euro f\u00fcr Nicht-Mitglieder<\/p>\n","protected":false},"excerpt":{"rendered":"<p>Simple, effective, and easy to use.<\/p>\n","protected":false},"featured_media":552,"comment_status":"open","ping_status":"closed","template":"","meta":[],"product_brand":[],"product_cat":[36,38],"product_tag":[37,41],"class_list":{"0":"post-198","1":"product","2":"type-product","3":"status-publish","4":"has-post-thumbnail","6":"product_cat-essentials","7":"product_cat-featured","8":"product_tag-essentials","9":"product_tag-popular","12":"first","13":"instock","14":"shipping-taxable","15":"purchasable","16":"product-type-simple"},"aioseo_notices":[],"_links":{"self":[{"href":"https:\/\/2025.sc-bauschheim.de\/index.php?rest_route=\/wp\/v2\/product\/198","targetHints":{"allow":["GET"]}}],"collection":[{"href":"https:\/\/2025.sc-bauschheim.de\/index.php?rest_route=\/wp\/v2\/product"}],"about":[{"href":"https:\/\/2025.sc-bauschheim.de\/index.php?rest_route=\/wp\/v2\/types\/product"}],"replies":[{"embeddable":true,"href":"https:\/\/2025.sc-bauschheim.de\/index.php?rest_route=%2Fwp%2Fv2%2Fcomments&post=198"}],"wp:featuredmedia":[{"embeddable":true,"href":"https:\/\/2025.sc-bauschheim.de\/index.php?rest_route=\/wp\/v2\/media\/552"}],"wp:attachment":[{"href":"https:\/\/2025.sc-bauschheim.de\/index.php?rest_route=%2Fwp%2Fv2%2Fmedia&parent=198"}],"wp:term":[{"taxonomy":"product_brand","embeddable":true,"href":"https:\/\/2025.sc-bauschheim.de\/index.php?rest_route=%2Fwp%2Fv2%2Fproduct_brand&post=198"},{"taxonomy":"product_cat","embeddable":true,"href":"https:\/\/2025.sc-bauschheim.de\/index.php?rest_route=%2Fwp%2Fv2%2Fproduct_cat&post=198"},{"taxonomy":"product_tag","embeddable":true,"href":"https:\/\/2025.sc-bauschheim.de\/index.php?rest_route=%2Fwp%2Fv2%2Fproduct_tag&post=198"}],"curies":[{"name":"wp","href":"https:\/\/api.w.org\/{rel}","templated":true}]}}